{"id":1002,"date":"2024-11-12T01:20:15","date_gmt":"2024-11-12T00:20:15","guid":{"rendered":"http:\/\/www.serwiskomputerow.waw.pl\/?page_id=1002"},"modified":"2025-09-22T01:09:15","modified_gmt":"2025-09-21T23:09:15","slug":"aktualnosci-2","status":"publish","type":"page","link":"http:\/\/www.serwiskomputerow.waw.pl\/?page_id=1002","title":{"rendered":"Aktualno\u015bci!"},"content":{"rendered":"<div class=\"wp-block-image\">\n<figure class=\"aligncenter size-large\"><img loading=\"lazy\" decoding=\"async\" width=\"716\" height=\"282\" src=\"http:\/\/www.serwiskomputerow.waw.pl\/wp-content\/uploads\/Social.png\" alt=\"\" class=\"wp-image-2050\" srcset=\"http:\/\/www.serwiskomputerow.waw.pl\/wp-content\/uploads\/Social.png 716w, http:\/\/www.serwiskomputerow.waw.pl\/wp-content\/uploads\/Social-300x118.png 300w\" sizes=\"auto, (max-width: 716px) 100vw, 716px\" \/><\/figure>\n<\/div>\n\n\n<h1 class=\"wp-block-heading has-text-align-center\">Nowo\u015bci, promocje i rabaty zapraszam na moj\u0105 stron\u0119 FaceBook!<\/h1>\n\n\n<div class=\"wp-block-image\">\n<figure class=\"aligncenter size-large\"><img loading=\"lazy\" decoding=\"async\" width=\"1024\" height=\"770\" src=\"http:\/\/www.serwiskomputerow.waw.pl\/wp-content\/uploads\/reklamawin11-1024x770.png\" alt=\"\" class=\"wp-image-2215\" srcset=\"http:\/\/www.serwiskomputerow.waw.pl\/wp-content\/uploads\/reklamawin11-1024x770.png 1024w, http:\/\/www.serwiskomputerow.waw.pl\/wp-content\/uploads\/reklamawin11-300x226.png 300w, http:\/\/www.serwiskomputerow.waw.pl\/wp-content\/uploads\/reklamawin11-768x577.png 768w, http:\/\/www.serwiskomputerow.waw.pl\/wp-content\/uploads\/reklamawin11.png 1027w\" sizes=\"auto, (max-width: 1024px) 100vw, 1024px\" \/><\/figure>\n<\/div>\n\n<div class=\"wp-block-image\">\n<figure class=\"aligncenter size-full is-resized\"><a href=\"https:\/\/www.facebook.com\/ProserwisWawer\"><img loading=\"lazy\" decoding=\"async\" width=\"263\" height=\"263\" src=\"http:\/\/www.serwiskomputerow.waw.pl\/wp-content\/uploads\/FB-2.png\" alt=\"https:\/\/www.facebook.com\/ProserwisWawer\/\" class=\"wp-image-1042\" style=\"width:155px;height:auto\" srcset=\"http:\/\/www.serwiskomputerow.waw.pl\/wp-content\/uploads\/FB-2.png 263w, http:\/\/www.serwiskomputerow.waw.pl\/wp-content\/uploads\/FB-2-150x150.png 150w\" sizes=\"auto, (max-width: 263px) 100vw, 263px\" \/><\/a><\/figure>\n<\/div>\n\n\n<p class=\"has-text-align-center\"><\/p>\n","protected":false},"excerpt":{"rendered":"<p>Nowo\u015bci, promocje i rabaty zapraszam na moj\u0105 stron\u0119 FaceBook!<\/p>\n","protected":false},"author":1,"featured_media":0,"parent":0,"menu_order":0,"comment_status":"closed","ping_status":"closed","template":"","meta":{"footnotes":""},"class_list":["post-1002","page","type-page","status-publish","hentry"],"_links":{"self":[{"href":"http:\/\/www.serwiskomputerow.waw.pl\/index.php?rest_route=\/wp\/v2\/pages\/1002","targetHints":{"allow":["GET"]}}],"collection":[{"href":"http:\/\/www.serwiskomputerow.waw.pl\/index.php?rest_route=\/wp\/v2\/pages"}],"about":[{"href":"http:\/\/www.serwiskomputerow.waw.pl\/index.php?rest_route=\/wp\/v2\/types\/page"}],"author":[{"embeddable":true,"href":"http:\/\/www.serwiskomputerow.waw.pl\/index.php?rest_route=\/wp\/v2\/users\/1"}],"replies":[{"embeddable":true,"href":"http:\/\/www.serwiskomputerow.waw.pl\/index.php?rest_route=%2Fwp%2Fv2%2Fcomments&post=1002"}],"version-history":[{"count":28,"href":"http:\/\/www.serwiskomputerow.waw.pl\/index.php?rest_route=\/wp\/v2\/pages\/1002\/revisions"}],"predecessor-version":[{"id":2216,"href":"http:\/\/www.serwiskomputerow.waw.pl\/index.php?rest_route=\/wp\/v2\/pages\/1002\/revisions\/2216"}],"wp:attachment":[{"href":"http:\/\/www.serwiskomputerow.waw.pl\/index.php?rest_route=%2Fwp%2Fv2%2Fmedia&parent=1002"}],"curies":[{"name":"wp","href":"https:\/\/api.w.org\/{rel}","templated":true}]}}