{"id":1819,"date":"2025-07-13T23:38:53","date_gmt":"2025-07-13T21:38:53","guid":{"rendered":"http:\/\/www.serwiskomputerow.waw.pl\/?page_id=1819"},"modified":"2025-07-21T07:10:26","modified_gmt":"2025-07-21T05:10:26","slug":"monitoring","status":"publish","type":"page","link":"http:\/\/www.serwiskomputerow.waw.pl\/?page_id=1819","title":{"rendered":"Monitoring Obiekt\u00f3w"},"content":{"rendered":"\n<h1 class=\"wp-block-heading has-text-align-center\">Us\u0142uga wyceny oraz monta\u017cu kamer w domach oraz firmach, bazuj\u0105ca na najnowszych urz\u0105dzeniach firmy     TP-Link<\/h1>\n\n\n\n<h1 class=\"wp-block-heading has-text-align-center\">Pe\u0142en zdalny podgl\u0105d, brak rejestratora, zapis w chmurze!<\/h1>\n\n\n<div class=\"wp-block-image\">\n<figure class=\"aligncenter size-large is-resized\"><img loading=\"lazy\" decoding=\"async\" width=\"1024\" height=\"241\" src=\"http:\/\/www.serwiskomputerow.waw.pl\/wp-content\/uploads\/chmura-1024x241.png\" alt=\"\" class=\"wp-image-1921\" style=\"width:586px;height:auto\" srcset=\"http:\/\/www.serwiskomputerow.waw.pl\/wp-content\/uploads\/chmura-1024x241.png 1024w, http:\/\/www.serwiskomputerow.waw.pl\/wp-content\/uploads\/chmura-300x71.png 300w, http:\/\/www.serwiskomputerow.waw.pl\/wp-content\/uploads\/chmura-768x181.png 768w, http:\/\/www.serwiskomputerow.waw.pl\/wp-content\/uploads\/chmura.png 1536w\" sizes=\"auto, (max-width: 1024px) 100vw, 1024px\" \/><\/figure>\n<\/div>\n\n<div class=\"wp-block-image\">\n<figure class=\"aligncenter size-large is-resized\"><img loading=\"lazy\" decoding=\"async\" width=\"1024\" height=\"512\" src=\"http:\/\/www.serwiskomputerow.waw.pl\/wp-content\/uploads\/monitoring1-1024x512.jpg\" alt=\"\" class=\"wp-image-1827\" style=\"width:584px;height:auto\" srcset=\"http:\/\/www.serwiskomputerow.waw.pl\/wp-content\/uploads\/monitoring1-1024x512.jpg 1024w, http:\/\/www.serwiskomputerow.waw.pl\/wp-content\/uploads\/monitoring1-300x150.jpg 300w, http:\/\/www.serwiskomputerow.waw.pl\/wp-content\/uploads\/monitoring1-768x384.jpg 768w, http:\/\/www.serwiskomputerow.waw.pl\/wp-content\/uploads\/monitoring1-1536x768.jpg 1536w, http:\/\/www.serwiskomputerow.waw.pl\/wp-content\/uploads\/monitoring1.jpg 1920w\" sizes=\"auto, (max-width: 1024px) 100vw, 1024px\" \/><\/figure>\n<\/div>\n\n\n<h1 class=\"wp-block-heading has-text-align-center\"><strong>Szybki monta\u017c i niezawodny sprz\u0119t<\/strong>!<\/h1>\n\n\n\n<p class=\"has-text-align-center\">Przyk\u0142adowy zapis z kamer&#8230;<\/p>\n\n\n\n<figure class=\"wp-block-embed is-type-video is-provider-youtube wp-block-embed-youtube wp-embed-aspect-16-9 wp-has-aspect-ratio\"><div class=\"wp-block-embed__wrapper\">\n<iframe loading=\"lazy\" title=\"TP-Link Tapo C500 - Nagrania w dzie\u0144 i w nocy - Ogrodowe Kryptydy\" width=\"500\" height=\"281\" src=\"https:\/\/www.youtube.com\/embed\/gvqQnYLhdcY?feature=oembed\" frameborder=\"0\" allow=\"accelerometer; autoplay; clipboard-write; encrypted-media; gyroscope; picture-in-picture; web-share\" referrerpolicy=\"strict-origin-when-cross-origin\" allowfullscreen><\/iframe>\n<\/div><\/figure>\n\n\n<div class=\"wp-block-image\">\n<figure class=\"aligncenter size-full is-resized\"><img loading=\"lazy\" decoding=\"async\" width=\"900\" height=\"178\" src=\"http:\/\/www.serwiskomputerow.waw.pl\/wp-content\/uploads\/730-780-560-1.png\" alt=\"\" class=\"wp-image-2008\" style=\"width:570px;height:auto\" srcset=\"http:\/\/www.serwiskomputerow.waw.pl\/wp-content\/uploads\/730-780-560-1.png 900w, http:\/\/www.serwiskomputerow.waw.pl\/wp-content\/uploads\/730-780-560-1-300x59.png 300w, http:\/\/www.serwiskomputerow.waw.pl\/wp-content\/uploads\/730-780-560-1-768x152.png 768w\" sizes=\"auto, (max-width: 900px) 100vw, 900px\" \/><\/figure>\n<\/div>","protected":false},"excerpt":{"rendered":"<p>Us\u0142uga wyceny oraz monta\u017cu kamer w domach oraz firmach, bazuj\u0105ca na najnowszych urz\u0105dzeniach firmy TP-Link Pe\u0142en zdalny podgl\u0105d, brak rejestratora, zapis w chmurze! Szybki monta\u017c i niezawodny sprz\u0119t! Przyk\u0142adowy zapis z kamer&#8230;<\/p>\n","protected":false},"author":1,"featured_media":0,"parent":0,"menu_order":0,"comment_status":"closed","ping_status":"closed","template":"","meta":{"footnotes":""},"class_list":["post-1819","page","type-page","status-publish","hentry"],"_links":{"self":[{"href":"http:\/\/www.serwiskomputerow.waw.pl\/index.php?rest_route=\/wp\/v2\/pages\/1819","targetHints":{"allow":["GET"]}}],"collection":[{"href":"http:\/\/www.serwiskomputerow.waw.pl\/index.php?rest_route=\/wp\/v2\/pages"}],"about":[{"href":"http:\/\/www.serwiskomputerow.waw.pl\/index.php?rest_route=\/wp\/v2\/types\/page"}],"author":[{"embeddable":true,"href":"http:\/\/www.serwiskomputerow.waw.pl\/index.php?rest_route=\/wp\/v2\/users\/1"}],"replies":[{"embeddable":true,"href":"http:\/\/www.serwiskomputerow.waw.pl\/index.php?rest_route=%2Fwp%2Fv2%2Fcomments&post=1819"}],"version-history":[{"count":22,"href":"http:\/\/www.serwiskomputerow.waw.pl\/index.php?rest_route=\/wp\/v2\/pages\/1819\/revisions"}],"predecessor-version":[{"id":2142,"href":"http:\/\/www.serwiskomputerow.waw.pl\/index.php?rest_route=\/wp\/v2\/pages\/1819\/revisions\/2142"}],"wp:attachment":[{"href":"http:\/\/www.serwiskomputerow.waw.pl\/index.php?rest_route=%2Fwp%2Fv2%2Fmedia&parent=1819"}],"curies":[{"name":"wp","href":"https:\/\/api.w.org\/{rel}","templated":true}]}}