{"id":47,"date":"2023-12-31T06:23:12","date_gmt":"2023-12-31T05:23:12","guid":{"rendered":"http:\/\/www.serwiskomputerow.waw.pl\/?page_id=47"},"modified":"2026-03-02T05:01:44","modified_gmt":"2026-03-02T04:01:44","slug":"oferta","status":"publish","type":"page","link":"http:\/\/www.serwiskomputerow.waw.pl\/?page_id=47","title":{"rendered":"Oferta"},"content":{"rendered":"<div class=\"wp-block-image is-style-rounded\">\n<figure class=\"aligncenter size-large is-resized\"><img loading=\"lazy\" decoding=\"async\" width=\"1024\" height=\"1024\" src=\"http:\/\/www.serwiskomputerow.waw.pl\/wp-content\/uploads\/naprawa-komputera.jpeg\" alt=\"\" class=\"wp-image-1576\" style=\"width:336px;height:auto\" srcset=\"http:\/\/www.serwiskomputerow.waw.pl\/wp-content\/uploads\/naprawa-komputera.jpeg 1024w, http:\/\/www.serwiskomputerow.waw.pl\/wp-content\/uploads\/naprawa-komputera-300x300.jpeg 300w, http:\/\/www.serwiskomputerow.waw.pl\/wp-content\/uploads\/naprawa-komputera-150x150.jpeg 150w, http:\/\/www.serwiskomputerow.waw.pl\/wp-content\/uploads\/naprawa-komputera-768x768.jpeg 768w\" sizes=\"auto, (max-width: 1024px) 100vw, 1024px\" \/><\/figure>\n<\/div>\n\n<div class=\"wp-block-image\">\n<figure class=\"aligncenter size-large is-resized\"><img loading=\"lazy\" decoding=\"async\" width=\"1024\" height=\"117\" src=\"http:\/\/www.serwiskomputerow.waw.pl\/wp-content\/uploads\/loga-1024x117.png\" alt=\"\" class=\"wp-image-1227\" style=\"width:758px;height:auto\" srcset=\"http:\/\/www.serwiskomputerow.waw.pl\/wp-content\/uploads\/loga-1024x117.png 1024w, http:\/\/www.serwiskomputerow.waw.pl\/wp-content\/uploads\/loga-300x34.png 300w, http:\/\/www.serwiskomputerow.waw.pl\/wp-content\/uploads\/loga-768x88.png 768w, http:\/\/www.serwiskomputerow.waw.pl\/wp-content\/uploads\/loga-1536x175.png 1536w, http:\/\/www.serwiskomputerow.waw.pl\/wp-content\/uploads\/loga-2048x234.png 2048w\" sizes=\"auto, (max-width: 1024px) 100vw, 1024px\" \/><\/figure>\n<\/div>\n\n\n<p class=\"has-text-align-center\"><strong>NOWOS\u0106! <\/strong><\/p>\n\n\n\n<p class=\"has-text-align-center\"><strong>Laptop Spa! <\/strong><\/p>\n\n\n<div class=\"wp-block-image\">\n<figure class=\"aligncenter size-full is-resized\"><img loading=\"lazy\" decoding=\"async\" width=\"355\" height=\"276\" src=\"https:\/\/www.serwiskomputerow.waw.pl\/wp-content\/uploads\/blaptop.png\" alt=\"\" class=\"wp-image-2225\" style=\"aspect-ratio:1.2862484420440383;width:442px;height:auto\" srcset=\"http:\/\/www.serwiskomputerow.waw.pl\/wp-content\/uploads\/blaptop.png 355w, http:\/\/www.serwiskomputerow.waw.pl\/wp-content\/uploads\/blaptop-300x233.png 300w\" sizes=\"auto, (max-width: 355px) 100vw, 355px\" \/><\/figure>\n<\/div>\n\n\n<p>&#8211;<strong>Podstawowy<\/strong>, pakiet obejmuje odnowienie Pa\u0144stwa laptopa na poziomie wizualnym<\/p>\n\n\n\n<p>&#8211;<strong>Pakiet plus,<\/strong> w zakresie us\u0142ugi jest odnowienie sprz\u0119tu na poziomie wizualnym ale dodatkowo i  sprz\u0119towym. <\/p>\n\n\n\n<h1 class=\"wp-block-heading has-text-align-center\"><strong>Serwis wszystkich marek laptop\u00f3w, kompleksowa i szybka diagnoza!<\/strong><\/h1>\n\n\n\n<h1 class=\"wp-block-heading has-text-align-left\">-Naprawa uszkodze\u0144 mechanicznych<\/h1>\n\n\n\n<h1 class=\"wp-block-heading has-text-align-left\">-Wymiana matryc w laptopach TN\/LED IPS<\/h1>\n\n\n\n<h1 class=\"wp-block-heading has-text-align-left\">-Pe\u0142na obs\u0142uga informatyczna firm oraz os\u00f3b indywidualnych<\/h1>\n\n\n\n<h1 class=\"wp-block-heading has-text-align-left\">-Instalacja i naprawa system\u00f3w Windows XP, Vista, 7, 8, 8.1, 10,11<\/h1>\n\n\n\n<h1 class=\"wp-block-heading has-text-align-left\">-Sk\u0142adanie komputer\u00f3w stacjonarnych dla domu i dla graczy!<\/h1>\n\n\n\n<h1 class=\"wp-block-heading has-text-align-left\">-Odwirusowanie i okresowa konserwacja system\u00f3w Windows<\/h1>\n\n\n\n<h1 class=\"wp-block-heading has-text-align-left\">-Czyszczenie uk\u0142ad\u00f3w ch\u0142odzenia z wymian\u0105 pasty, termo-pad\u00f3w oraz wymian\u0105 wentylator\u00f3w<\/h1>\n\n\n\n<h1 class=\"wp-block-heading has-text-align-left\">-Naprawa p\u0142yt g\u0142\u00f3wnych, uk\u0142ad\u00f3w zasilania<\/h1>\n\n\n\n<h1 class=\"wp-block-heading has-text-align-left\">-Wymiana obud\u00f3w, klawiatur oraz zawias\u00f3w w laptopach<\/h1>\n\n\n\n<h1 class=\"wp-block-heading has-text-align-left\">-Wymiana uk\u0142ad\u00f3w BGA (karty graficzne i mostki)<\/h1>\n\n\n\n<h1 class=\"wp-block-heading has-text-align-left\">-Wymiana gniazd zasilania, audio, USB , HDMI<\/h1>\n\n\n\n<h1 class=\"wp-block-heading has-text-align-center\"><strong>Oraz wiele innych , jest problem to zapraszam do kontaktu!<\/strong><\/h1>\n\n\n\n<figure class=\"wp-block-gallery has-nested-images columns-default is-cropped wp-block-gallery-1 is-layout-flex wp-block-gallery-is-layout-flex\">\n<figure class=\"wp-block-image size-large\"><img loading=\"lazy\" decoding=\"async\" width=\"1024\" height=\"345\" data-id=\"1241\" src=\"http:\/\/www.serwiskomputerow.waw.pl\/wp-content\/uploads\/cropped-IMG_0678-\u2014-kopia-scaled-1-1024x345.jpg\" alt=\"\" class=\"wp-image-1241\" srcset=\"http:\/\/www.serwiskomputerow.waw.pl\/wp-content\/uploads\/cropped-IMG_0678-\u2014-kopia-scaled-1-1024x345.jpg 1024w, http:\/\/www.serwiskomputerow.waw.pl\/wp-content\/uploads\/cropped-IMG_0678-\u2014-kopia-scaled-1-300x101.jpg 300w, http:\/\/www.serwiskomputerow.waw.pl\/wp-content\/uploads\/cropped-IMG_0678-\u2014-kopia-scaled-1-768x258.jpg 768w, http:\/\/www.serwiskomputerow.waw.pl\/wp-content\/uploads\/cropped-IMG_0678-\u2014-kopia-scaled-1-1536x517.jpg 1536w, http:\/\/www.serwiskomputerow.waw.pl\/wp-content\/uploads\/cropped-IMG_0678-\u2014-kopia-scaled-1.jpg 1920w\" sizes=\"auto, (max-width: 1024px) 100vw, 1024px\" \/><\/figure>\n\n\n\n<figure class=\"wp-block-image size-large\"><img loading=\"lazy\" decoding=\"async\" width=\"768\" height=\"1024\" data-id=\"716\" src=\"http:\/\/www.serwiskomputerow.waw.pl\/wp-content\/uploads\/IMG_0678-\u2014-kopia-768x1024.jpg\" alt=\"\" class=\"wp-image-716\" srcset=\"http:\/\/www.serwiskomputerow.waw.pl\/wp-content\/uploads\/IMG_0678-\u2014-kopia-768x1024.jpg 768w, http:\/\/www.serwiskomputerow.waw.pl\/wp-content\/uploads\/IMG_0678-\u2014-kopia-225x300.jpg 225w, http:\/\/www.serwiskomputerow.waw.pl\/wp-content\/uploads\/IMG_0678-\u2014-kopia-1152x1536.jpg 1152w, http:\/\/www.serwiskomputerow.waw.pl\/wp-content\/uploads\/IMG_0678-\u2014-kopia-1536x2048.jpg 1536w, http:\/\/www.serwiskomputerow.waw.pl\/wp-content\/uploads\/IMG_0678-\u2014-kopia-scaled.jpg 1920w\" sizes=\"auto, (max-width: 768px) 100vw, 768px\" \/><\/figure>\n\n\n\n<figure class=\"wp-block-image size-large\"><img loading=\"lazy\" decoding=\"async\" width=\"768\" height=\"1024\" data-id=\"714\" src=\"http:\/\/www.serwiskomputerow.waw.pl\/wp-content\/uploads\/IMG_0873-768x1024.jpg\" alt=\"\" class=\"wp-image-714\" srcset=\"http:\/\/www.serwiskomputerow.waw.pl\/wp-content\/uploads\/IMG_0873-768x1024.jpg 768w, http:\/\/www.serwiskomputerow.waw.pl\/wp-content\/uploads\/IMG_0873-225x300.jpg 225w, http:\/\/www.serwiskomputerow.waw.pl\/wp-content\/uploads\/IMG_0873-1152x1536.jpg 1152w, http:\/\/www.serwiskomputerow.waw.pl\/wp-content\/uploads\/IMG_0873-1536x2048.jpg 1536w, http:\/\/www.serwiskomputerow.waw.pl\/wp-content\/uploads\/IMG_0873-scaled.jpg 1920w\" sizes=\"auto, (max-width: 768px) 100vw, 768px\" \/><\/figure>\n<\/figure>\n","protected":false},"excerpt":{"rendered":"<p>NOWOS\u0106! Laptop Spa! &#8211;Podstawowy, pakiet obejmuje odnowienie Pa\u0144stwa laptopa na poziomie wizualnym &#8211;Pakiet plus, w zakresie us\u0142ugi jest odnowienie sprz\u0119tu na poziomie wizualnym ale dodatkowo i sprz\u0119towym. Serwis wszystkich marek laptop\u00f3w, kompleksowa i szybka diagnoza! -Naprawa uszkodze\u0144 mechanicznych -Wymiana matryc w laptopach TN\/LED IPS -Pe\u0142na obs\u0142uga informatyczna firm oraz os\u00f3b indywidualnych -Instalacja i naprawa system\u00f3w [&hellip;]<\/p>\n","protected":false},"author":1,"featured_media":0,"parent":0,"menu_order":0,"comment_status":"closed","ping_status":"closed","template":"","meta":{"footnotes":""},"class_list":["post-47","page","type-page","status-publish","hentry"],"_links":{"self":[{"href":"http:\/\/www.serwiskomputerow.waw.pl\/index.php?rest_route=\/wp\/v2\/pages\/47","targetHints":{"allow":["GET"]}}],"collection":[{"href":"http:\/\/www.serwiskomputerow.waw.pl\/index.php?rest_route=\/wp\/v2\/pages"}],"about":[{"href":"http:\/\/www.serwiskomputerow.waw.pl\/index.php?rest_route=\/wp\/v2\/types\/page"}],"author":[{"embeddable":true,"href":"http:\/\/www.serwiskomputerow.waw.pl\/index.php?rest_route=\/wp\/v2\/users\/1"}],"replies":[{"embeddable":true,"href":"http:\/\/www.serwiskomputerow.waw.pl\/index.php?rest_route=%2Fwp%2Fv2%2Fcomments&post=47"}],"version-history":[{"count":87,"href":"http:\/\/www.serwiskomputerow.waw.pl\/index.php?rest_route=\/wp\/v2\/pages\/47\/revisions"}],"predecessor-version":[{"id":2229,"href":"http:\/\/www.serwiskomputerow.waw.pl\/index.php?rest_route=\/wp\/v2\/pages\/47\/revisions\/2229"}],"wp:attachment":[{"href":"http:\/\/www.serwiskomputerow.waw.pl\/index.php?rest_route=%2Fwp%2Fv2%2Fmedia&parent=47"}],"curies":[{"name":"wp","href":"https:\/\/api.w.org\/{rel}","templated":true}]}}